{"id":2,"date":"2022-02-12T09:49:34","date_gmt":"2022-02-12T09:49:34","guid":{"rendered":"https:\/\/www.cente.ro\/?page_id=2"},"modified":"2022-03-28T16:18:46","modified_gmt":"2022-03-28T16:18:46","slug":"pagina-exemplu","status":"publish","type":"page","link":"https:\/\/www.cente.ro\/?page_id=2","title":{"rendered":"Intrebari frecvente"},"content":{"rendered":"\t\t<div data-elementor-type=\"wp-page\" data-elementor-id=\"2\" class=\"elementor elementor-2\" data-elementor-settings=\"[]\">\n\t\t\t\t\t\t\t<div class=\"elementor-section-wrap\">\n\t\t\t\t\t\t\t<section class=\"elementor-section elementor-top-section elementor-element elementor-element-712a8b4b elementor-section-boxed elementor-section-height-default elementor-section-height-default\" data-id=\"712a8b4b\" data-element_type=\"section\">\n\t\t\t\t\t\t<div class=\"elementor-container elementor-column-gap-default\">\n\t\t\t\t\t<div class=\"elementor-column elementor-col-100 elementor-top-column elementor-element elementor-element-3a4d9c22\" data-id=\"3a4d9c22\" data-element_type=\"column\">\n\t\t\t<div class=\"elementor-widget-wrap elementor-element-populated\">\n\t\t\t\t\t\t\t\t<div class=\"elementor-element elementor-element-69ce28da elementor-widget elementor-widget-text-editor\" data-id=\"69ce28da\" data-element_type=\"widget\" data-widget_type=\"text-editor.default\">\n\t\t\t\t<div class=\"elementor-widget-container\">\n\t\t\t<style>\/*! elementor - v3.5.5 - 03-02-2022 *\/\n.elementor-widget-text-editor.elementor-drop-cap-view-stacked .elementor-drop-cap{background-color:#818a91;color:#fff}.elementor-widget-text-editor.elementor-drop-cap-view-framed .elementor-drop-cap{color:#818a91;border:3px solid;background-color:transparent}.elementor-widget-text-editor:not(.elementor-drop-cap-view-default) .elementor-drop-cap{margin-top:8px}.elementor-widget-text-editor:not(.elementor-drop-cap-view-default) .elementor-drop-cap-letter{width:1em;height:1em}.elementor-widget-text-editor .elementor-drop-cap{float:left;text-align:center;line-height:1;font-size:50px}.elementor-widget-text-editor .elementor-drop-cap-letter{display:inline-block}<\/style>\t\t\t\t<p><!-- wp:paragraph --><\/p>\n<p><strong>Ce este terapia de familie?<\/strong><\/p>\n<p><strong>\u00a0<\/strong><\/p>\n<p><!-- \/wp:paragraph --><\/p>\n<p><!-- wp:paragraph --><\/p>\n<p><strong><em>Terapia de familie are menirea de ajuta oamenii \u00een a restabili rela\u0163iile apropiate. \u00cei poate ajuta pe membrii familiei, cuplurile \u015fi pe cei care au dificult\u0103\u0163i \u00een exprimarea \u015fi explorarea g\u00e2ndurilor \u015fi a emo\u0163iilor vis-a-vis de cealalt\u0103 persoan\u0103.<br \/>Terapia de familie este o ramur\u0103 a Psihoterapiei ce poate implica membrii familiei \u00een descoperirea resurselor pe care ace\u015ftia le de\u0163in pentru a putea rezolva conflictele (dup\u0103 caz \u015fi membrii din familia extins\u0103). Scopul terapiei de familie este acela de a identifica \u015fi trata problema familiei care a cauzat o disfunc\u0163ie.<br \/>\u201eFamilia este sistemul cu toate leg\u0103turile \u015fi rela\u0163iile at\u00e2t pl\u0103cute, c\u00e2t \u015fi mai pu\u0163in pl\u0103cute. A munci \u00eempreun\u0103 este cheia spre o familie s\u0103n\u0103toas\u0103 \u015fi fericit\u0103.\u201d Virginia Satir<\/em><\/strong><\/p>\n<p><!-- \/wp:paragraph --><\/p>\n<p><!-- wp:paragraph --><\/p>\n<p><strong>\u00a0<\/strong><\/p>\n<p><strong>De ce s\u0103 merg la terapia de familie?<\/strong><\/p>\n<p><b><br \/><\/b><strong><em>\u00cen cadrul terapiei de familie, persoanele implicate au \u015fansa de a se auzi reciproc, de a-\u015fi da seama de nevoile fiec\u0103ruia, de a face schimb\u0103ri benefice at\u00e2t \u00een rela\u0163iile lor c\u00e2t \u015fi \u00een via\u0163a de zi cu zi. Terapia de familie poate fi benefic\u0103 pentru faptul c\u0103 ofer\u0103 oportunitatea de a reflecta asupra rela\u0163iilor importante \u015fi de a g\u0103si noi modele de rela\u0163ionare \u015fi gestionare a conflictelor. Terapia de familie poate fi sub forma \u015fedin\u0163elor individuale, dar \u015fi sub forma \u015fedin\u0163elor cu to\u0163i membri unei familii.<\/em><\/strong><\/p>\n<p><!-- \/wp:paragraph --><\/p>\n<p><!-- wp:paragraph --><\/p>\n<p><strong>\u00a0<\/strong><\/p>\n<p><strong>C\u00e2t timp trebuie s\u0103 merg la terapie?<\/strong>\u00a0<\/p>\n<p>\u00a0<\/p>\n<p><strong><em>Fiecare individ are un ritmul s\u0103u propriu a\u015fa c\u0103 nu se poate vorbi despre un standard anume. Se recomand\u0103 minim 4 \u00eent\u00e2lniri \u00eens\u0103 terapia se \u00eencheie atunci c\u00e2nd individul, cuplul sau familia consider\u0103 c\u0103 motivul care i-a adus \u00een cabinet \u015fi-a g\u0103sit o rezolvare sau o form\u0103 de ameliorare.<\/em><\/strong><br \/><strong><br \/><\/strong><\/p>\n<p><strong>Cum este mai eficient\u0103 psihoterapia fa\u0163a de o discu\u0163ie cu prietenii mei?<\/strong><\/p>\n<p><b><br \/><\/b><strong><em>De regul\u0103, \u00een cadrul discu\u0163iilor cu prietenii despre o problem\u0103 anume ne alegem cu sfaturi despre ce \u015fi cum s\u0103 facem. Aceste sfaturi sunt subiective \u015fi pleac\u0103 de la viziunea lor proprie despre o problem\u0103, viziune care ar putea fi diferit\u0103 pentru fiecare. \u00cen cadrul \u015fedintelor de terapie se va \u00eencerca s\u0103 se afle care este r\u0103d\u0103cina problemei, ajut\u00e2nd \u00een primul r\u00e2nd individul s\u0103 se cunoasc\u0103 \u015fi s\u0103 se accepte a\u015fa cum este, dar mai ales s\u0103 exploreze ce este dispus s\u0103 fac\u0103 pentru \u00eembun\u0103t\u0103\u0163irea st\u0103rii sale.\u00a0<\/em><\/strong><\/p>\n<p><strong><em>Am auzit de multe ori \u00eentreb\u0103ri de genul \u201espune-mi ce s\u0103 fac!?\u201d\u00a0<\/em><\/strong><\/p>\n<p><strong><em>\u00cens\u0103 rolul terapeutului nu este acela de a da sfaturi, ci de a g\u0103si solu\u0163ii \u00eempreun\u0103 cu clientul.<\/em><\/strong><\/p>\n<p><!-- \/wp:paragraph --><\/p>\n<p><!-- wp:paragraph --><\/p>\n<p><strong>\u00a0<\/strong><\/p>\n<p><strong>\u00cemi garanteaza psihoterapia o rezolvare?<\/strong><\/p>\n<p><b><br \/><\/b><strong>Terapeutul nu ofer\u0103 sfaturi, solu\u0163ii sau re\u0163ete de urmat pentru rezolvarea unor dificult\u0103\u0163i, ci al\u0103turi de client exploreaz\u0103 \u015fi \u00eel sprijin\u0103 pe acesta \u00een identifcarea celor mai bune solu\u0163ii pentru el. C\u00e2nd ajungem la terapie este foarte important s\u0103 nu ne a\u015ftept\u0103m s\u0103 primim o list\u0103 cu ce avem de f\u0103cut ca s\u0103 scap\u0103m de lucrurile, sentimentele, emo\u0163iile care ne apas\u0103.<\/strong><\/p>\n<p><!-- \/wp:paragraph --><\/p>\n<p><!-- wp:quote --><\/p>\n<p><!-- \/wp:quote --><\/p>\n<p><!-- wp:paragraph --><\/p>\n<p><!-- \/wp:paragraph --><\/p>\t\t\t\t\t\t<\/div>\n\t\t\t\t<\/div>\n\t\t\t\t\t<\/div>\n\t\t<\/div>\n\t\t\t\t\t\t\t<\/div>\n\t\t<\/section>\n\t\t\t\t\t\t<\/div>\n\t\t\t\t\t<\/div>\n\t\t","protected":false},"excerpt":{"rendered":"<p>Ce este terapia de familie? \u00a0 Terapia de familie are menirea de ajuta oamenii \u00een a restabili rela\u0163iile apropiate. \u00cei poate ajuta pe membrii familiei, cuplurile \u015fi pe cei care au dificult\u0103\u0163i \u00een exprimarea \u015fi explorarea g\u00e2ndurilor \u015fi a emo\u0163iilor vis-a-vis de cealalt\u0103 persoan\u0103.Terapia de familie este o ramur\u0103 a Psihoterapiei ce poate implica membrii &hellip;<\/p>\n<p class=\"read-more\"> <a class=\"\" href=\"https:\/\/www.cente.ro\/?page_id=2\"> <span class=\"screen-reader-text\">Intrebari frecvente<\/span> Read More &raquo;<\/a><\/p>\n","protected":false},"author":1,"featured_media":0,"parent":0,"menu_order":0,"comment_status":"closed","ping_status":"open","template":"","meta":{"_monsterinsights_skip_tracking":false,"_monsterinsights_sitenote_active":false,"_monsterinsights_sitenote_note":"","_monsterinsights_sitenote_category":0,"site-sidebar-layout":"default","site-content-layout":"default","ast-main-header-display":"","ast-hfb-above-header-display":"","ast-hfb-below-header-display":"","ast-hfb-mobile-header-display":"","site-post-title":"","ast-breadcrumbs-content":"","ast-featured-img":"","footer-sml-layout":"","theme-transparent-header-meta":"","adv-header-id-meta":"","stick-header-meta":"","header-above-stick-meta":"","header-main-stick-meta":"","header-below-stick-meta":"","footnotes":""},"class_list":["post-2","page","type-page","status-publish","hentry"],"_links":{"self":[{"href":"https:\/\/www.cente.ro\/index.php?rest_route=\/wp\/v2\/pages\/2","targetHints":{"allow":["GET"]}}],"collection":[{"href":"https:\/\/www.cente.ro\/index.php?rest_route=\/wp\/v2\/pages"}],"about":[{"href":"https:\/\/www.cente.ro\/index.php?rest_route=\/wp\/v2\/types\/page"}],"author":[{"embeddable":true,"href":"https:\/\/www.cente.ro\/index.php?rest_route=\/wp\/v2\/users\/1"}],"replies":[{"embeddable":true,"href":"https:\/\/www.cente.ro\/index.php?rest_route=%2Fwp%2Fv2%2Fcomments&post=2"}],"version-history":[{"count":11,"href":"https:\/\/www.cente.ro\/index.php?rest_route=\/wp\/v2\/pages\/2\/revisions"}],"predecessor-version":[{"id":1546,"href":"https:\/\/www.cente.ro\/index.php?rest_route=\/wp\/v2\/pages\/2\/revisions\/1546"}],"wp:attachment":[{"href":"https:\/\/www.cente.ro\/index.php?rest_route=%2Fwp%2Fv2%2Fmedia&parent=2"}],"curies":[{"name":"wp","href":"https:\/\/api.w.org\/{rel}","templated":true}]}}