{"id":1561,"date":"2022-04-01T15:45:34","date_gmt":"2022-04-01T15:45:34","guid":{"rendered":"https:\/\/www.cente.ro\/?page_id=1561"},"modified":"2022-04-11T14:35:10","modified_gmt":"2022-04-11T14:35:10","slug":"adulti","status":"publish","type":"page","link":"https:\/\/www.cente.ro\/?page_id=1561","title":{"rendered":"Evenimente Pentru Adulti"},"content":{"rendered":"\t\t<div data-elementor-type=\"wp-page\" data-elementor-id=\"1561\" class=\"elementor elementor-1561\" data-elementor-settings=\"[]\">\n\t\t\t\t\t\t\t<div class=\"elementor-section-wrap\">\n\t\t\t\t\t\t\t<section class=\"elementor-section elementor-top-section elementor-element elementor-element-63f311d elementor-section-boxed elementor-section-height-default elementor-section-height-default\" data-id=\"63f311d\" data-element_type=\"section\">\n\t\t\t\t\t\t<div class=\"elementor-container elementor-column-gap-default\">\n\t\t\t\t\t<div class=\"elementor-column elementor-col-100 elementor-top-column elementor-element elementor-element-9a3484c\" data-id=\"9a3484c\" data-element_type=\"column\">\n\t\t\t<div class=\"elementor-widget-wrap elementor-element-populated\">\n\t\t\t\t\t\t\t\t<div class=\"elementor-element elementor-element-7eb40fc elementor-widget elementor-widget-heading\" data-id=\"7eb40fc\" data-element_type=\"widget\" data-widget_type=\"heading.default\">\n\t\t\t\t<div class=\"elementor-widget-container\">\n\t\t\t<style>\/*! elementor - v3.5.5 - 03-02-2022 *\/\n.elementor-heading-title{padding:0;margin:0;line-height:1}.elementor-widget-heading .elementor-heading-title[class*=elementor-size-]>a{color:inherit;font-size:inherit;line-height:inherit}.elementor-widget-heading .elementor-heading-title.elementor-size-small{font-size:15px}.elementor-widget-heading .elementor-heading-title.elementor-size-medium{font-size:19px}.elementor-widget-heading .elementor-heading-title.elementor-size-large{font-size:29px}.elementor-widget-heading .elementor-heading-title.elementor-size-xl{font-size:39px}.elementor-widget-heading .elementor-heading-title.elementor-size-xxl{font-size:59px}<\/style><h2 class=\"elementor-heading-title elementor-size-default\">Evenimente Pentru Copii<\/h2>\t\t<\/div>\n\t\t\t\t<\/div>\n\t\t\t\t\t<\/div>\n\t\t<\/div>\n\t\t\t\t\t\t\t<\/div>\n\t\t<\/section>\n\t\t\t\t<section class=\"elementor-section elementor-top-section elementor-element elementor-element-fd0f3aa elementor-section-boxed elementor-section-height-default elementor-section-height-default\" data-id=\"fd0f3aa\" data-element_type=\"section\">\n\t\t\t\t\t\t<div class=\"elementor-container elementor-column-gap-default\">\n\t\t\t\t\t<div class=\"elementor-column elementor-col-100 elementor-top-column elementor-element elementor-element-a773c65\" data-id=\"a773c65\" data-element_type=\"column\">\n\t\t\t<div class=\"elementor-widget-wrap elementor-element-populated\">\n\t\t\t\t\t\t\t\t<div class=\"elementor-element elementor-element-e2486b0 elementor-widget elementor-widget-text-editor\" data-id=\"e2486b0\" data-element_type=\"widget\" data-widget_type=\"text-editor.default\">\n\t\t\t\t<div class=\"elementor-widget-container\">\n\t\t\t<style>\/*! elementor - v3.5.5 - 03-02-2022 *\/\n.elementor-widget-text-editor.elementor-drop-cap-view-stacked .elementor-drop-cap{background-color:#818a91;color:#fff}.elementor-widget-text-editor.elementor-drop-cap-view-framed .elementor-drop-cap{color:#818a91;border:3px solid;background-color:transparent}.elementor-widget-text-editor:not(.elementor-drop-cap-view-default) .elementor-drop-cap{margin-top:8px}.elementor-widget-text-editor:not(.elementor-drop-cap-view-default) .elementor-drop-cap-letter{width:1em;height:1em}.elementor-widget-text-editor .elementor-drop-cap{float:left;text-align:center;line-height:1;font-size:50px}.elementor-widget-text-editor .elementor-drop-cap-letter{display:inline-block}<\/style>\t\t\t\t<p>Metode si Tehnici de Psihodrama Jungiana pentru lucrul cu grupurile de copii si adolescenti<\/p><p>Link: <a href=\"https:\/\/www.facebook.com\/events\/s\/metode-si-tehnici-de-psihodram\/327804132520198\/\">https:\/\/www.facebook.com\/events\/s\/metode-si-tehnici-de-psihodram\/327804132520198\/<\/a><\/p>\t\t\t\t\t\t<\/div>\n\t\t\t\t<\/div>\n\t\t\t\t\t<\/div>\n\t\t<\/div>\n\t\t\t\t\t\t\t<\/div>\n\t\t<\/section>\n\t\t\t\t<section class=\"elementor-section elementor-top-section elementor-element elementor-element-81d3d00 elementor-section-boxed elementor-section-height-default elementor-section-height-default\" data-id=\"81d3d00\" data-element_type=\"section\">\n\t\t\t\t\t\t<div class=\"elementor-container elementor-column-gap-default\">\n\t\t\t\t\t<div class=\"elementor-column elementor-col-100 elementor-top-column elementor-element elementor-element-d990a77\" data-id=\"d990a77\" data-element_type=\"column\">\n\t\t\t<div class=\"elementor-widget-wrap elementor-element-populated\">\n\t\t\t\t\t\t\t\t<div class=\"elementor-element elementor-element-ee71ed6 elementor-widget elementor-widget-text-editor\" data-id=\"ee71ed6\" data-element_type=\"widget\" data-widget_type=\"text-editor.default\">\n\t\t\t\t<div class=\"elementor-widget-container\">\n\t\t\t\t\t\t\t<div class=\"kvgmc6g5 cxmmr5t8 oygrvhab hcukyx3x c1et5uql\">Privirea Simbolica<br \/>Metode si Tehnici Psihoterapeutice pentru lucrul cu grupurile de copii si adolescenti<\/div><div class=\"cxmmr5t8 oygrvhab hcukyx3x c1et5uql o9v6fnle\">Angela Sordano (Italia)-Psihodramatist Jungian<\/div><div class=\"cxmmr5t8 oygrvhab hcukyx3x c1et5uql o9v6fnle\">\u00a0<\/div><div class=\"cxmmr5t8 oygrvhab hcukyx3x c1et5uql o9v6fnle\">Privirea in procesul intersubiectiv al grupului este instrumentul principal pentru coreglarea emotionala si pentru construirea de modele comune de actiune.<\/div><div class=\"cxmmr5t8 oygrvhab hcukyx3x c1et5uql o9v6fnle\">Vederea fara privirea care oglindeste sta la baza multor afectiuni psihopatologice. Privirea care oglindeste este diferita de perceptie pentru c\u0103 las\u0103 s\u0103 apar\u0103 aspecte invizibile legate de a\u0219tept\u0103rile interiorizate ale celuilalt \u0219i de reprezent\u0103rile incon\u0219tiente sociale sau colective.<\/div>\t\t\t\t\t\t<\/div>\n\t\t\t\t<\/div>\n\t\t\t\t\t<\/div>\n\t\t<\/div>\n\t\t\t\t\t\t\t<\/div>\n\t\t<\/section>\n\t\t\t\t<section class=\"elementor-section elementor-top-section elementor-element elementor-element-da75c2e elementor-section-boxed elementor-section-height-default elementor-section-height-default\" data-id=\"da75c2e\" data-element_type=\"section\">\n\t\t\t\t\t\t<div class=\"elementor-container elementor-column-gap-default\">\n\t\t\t\t\t<div class=\"elementor-column elementor-col-100 elementor-top-column elementor-element elementor-element-f57eb17\" data-id=\"f57eb17\" data-element_type=\"column\">\n\t\t\t<div class=\"elementor-widget-wrap elementor-element-populated\">\n\t\t\t\t\t\t\t\t<div class=\"elementor-element elementor-element-b99ec80 elementor-widget elementor-widget-spacer\" data-id=\"b99ec80\" data-element_type=\"widget\" data-widget_type=\"spacer.default\">\n\t\t\t\t<div class=\"elementor-widget-container\">\n\t\t\t\t\t<div class=\"elementor-spacer\">\n\t\t\t<div class=\"elementor-spacer-inner\"><\/div>\n\t\t<\/div>\n\t\t\t\t<\/div>\n\t\t\t\t<\/div>\n\t\t\t\t<div class=\"elementor-element elementor-element-ea96a5d elementor-widget elementor-widget-text-editor\" data-id=\"ea96a5d\" data-element_type=\"widget\" data-widget_type=\"text-editor.default\">\n\t\t\t\t<div class=\"elementor-widget-container\">\n\t\t\t\t\t\t\t<p>Metode si Tehnici de Psihodrama Jungiana pentru lucrul cu grupurile de copii si adolescenti<\/p><p>Link: <a href=\"https:\/\/www.facebook.com\/events\/s\/metode-si-tehnici-de-psihodram\/327804132520198\/\">https:\/\/www.facebook.com\/events\/s\/metode-si-tehnici-de-psihodram\/327804132520198\/<\/a><\/p>\t\t\t\t\t\t<\/div>\n\t\t\t\t<\/div>\n\t\t\t\t\t<\/div>\n\t\t<\/div>\n\t\t\t\t\t\t\t<\/div>\n\t\t<\/section>\n\t\t\t\t<section class=\"elementor-section elementor-top-section elementor-element elementor-element-09ce459 elementor-section-boxed elementor-section-height-default elementor-section-height-default\" data-id=\"09ce459\" data-element_type=\"section\">\n\t\t\t\t\t\t<div class=\"elementor-container elementor-column-gap-default\">\n\t\t\t\t\t<div class=\"elementor-column elementor-col-100 elementor-top-column elementor-element elementor-element-fe429e9\" data-id=\"fe429e9\" data-element_type=\"column\">\n\t\t\t<div class=\"elementor-widget-wrap elementor-element-populated\">\n\t\t\t\t\t\t\t\t<div class=\"elementor-element elementor-element-f37dc33 elementor-widget elementor-widget-text-editor\" data-id=\"f37dc33\" data-element_type=\"widget\" data-widget_type=\"text-editor.default\">\n\t\t\t\t<div class=\"elementor-widget-container\">\n\t\t\t\t\t\t\t<div class=\"kvgmc6g5 cxmmr5t8 oygrvhab hcukyx3x c1et5uql\"><div class=\"cxmmr5t8 oygrvhab hcukyx3x c1et5uql o9v6fnle\">Privirea in procesul intersubiectiv al grupului este instrumentul principal pentru coreglarea emotionala si pentru construirea de modele comune de actiune.<\/div><div class=\"cxmmr5t8 oygrvhab hcukyx3x c1et5uql o9v6fnle\">Vederea fara privirea care oglindeste sta la baza multor afectiuni psihopatologice. Privirea care oglindeste este diferita de perceptie pentru c\u0103 las\u0103 s\u0103 apar\u0103 aspecte invizibile legate de a\u0219tept\u0103rile interiorizate ale celuilalt \u0219i de reprezent\u0103rile incon\u0219tiente sociale sau colective.<\/div><div class=\"cxmmr5t8 oygrvhab hcukyx3x c1et5uql o9v6fnle\">Cand un copil sau un adolescent intra intr-un grup, el sau ea pune in act aspecte idealizate ale imaginii de sine precum si aspectele sale de umbra.<\/div><div class=\"cxmmr5t8 oygrvhab hcukyx3x c1et5uql o9v6fnle\">Grupul permite integrarea acestora prin utilizarea unui scenariu comun. Basmul, naratiunea colectiva, imaginatia activa ofera limbajul simbolic pentru a facilita conexiunea diferitelor niveluri ale experientei personale sau colective.<\/div><div class=\"cxmmr5t8 oygrvhab hcukyx3x c1et5uql o9v6fnle\">Oglindirea \u0219i recunoa\u0219terea reciproc\u0103 creeaz\u0103 un spa\u021biu de reflectare cu mai multe persoane care \u00ee\u0219i asum\u0103 func\u021bia de ter\u021b simbolic.<\/div><\/div>\t\t\t\t\t\t<\/div>\n\t\t\t\t<\/div>\n\t\t\t\t\t<\/div>\n\t\t<\/div>\n\t\t\t\t\t\t\t<\/div>\n\t\t<\/section>\n\t\t\t\t\t\t<\/div>\n\t\t\t\t\t<\/div>\n\t\t","protected":false},"excerpt":{"rendered":"<p>Evenimente Pentru Copii Metode si Tehnici de Psihodrama Jungiana pentru lucrul cu grupurile de copii si adolescenti Link: https:\/\/www.facebook.com\/events\/s\/metode-si-tehnici-de-psihodram\/327804132520198\/ Privirea SimbolicaMetode si Tehnici Psihoterapeutice pentru lucrul cu grupurile de copii si adolescentiAngela Sordano (Italia)-Psihodramatist Jungian\u00a0Privirea in procesul intersubiectiv al grupului este instrumentul principal pentru coreglarea emotionala si pentru construirea de modele comune de actiune.Vederea fara &hellip;<\/p>\n<p class=\"read-more\"> <a class=\"\" href=\"https:\/\/www.cente.ro\/?page_id=1561\"> <span class=\"screen-reader-text\">Evenimente Pentru Adulti<\/span> Read More &raquo;<\/a><\/p>\n","protected":false},"author":1,"featured_media":0,"parent":0,"menu_order":0,"comment_status":"closed","ping_status":"closed","template":"","meta":{"_monsterinsights_skip_tracking":false,"_monsterinsights_sitenote_active":false,"_monsterinsights_sitenote_note":"","_monsterinsights_sitenote_category":0,"site-sidebar-layout":"no-sidebar","site-content-layout":"page-builder","ast-main-header-display":"","ast-hfb-above-header-display":"","ast-hfb-below-header-display":"","ast-hfb-mobile-header-display":"","site-post-title":"disabled","ast-breadcrumbs-content":"","ast-featured-img":"disabled","footer-sml-layout":"","theme-transparent-header-meta":"","adv-header-id-meta":"","stick-header-meta":"","header-above-stick-meta":"","header-main-stick-meta":"","header-below-stick-meta":"","footnotes":""},"class_list":["post-1561","page","type-page","status-publish","hentry"],"_links":{"self":[{"href":"https:\/\/www.cente.ro\/index.php?rest_route=\/wp\/v2\/pages\/1561","targetHints":{"allow":["GET"]}}],"collection":[{"href":"https:\/\/www.cente.ro\/index.php?rest_route=\/wp\/v2\/pages"}],"about":[{"href":"https:\/\/www.cente.ro\/index.php?rest_route=\/wp\/v2\/types\/page"}],"author":[{"embeddable":true,"href":"https:\/\/www.cente.ro\/index.php?rest_route=\/wp\/v2\/users\/1"}],"replies":[{"embeddable":true,"href":"https:\/\/www.cente.ro\/index.php?rest_route=%2Fwp%2Fv2%2Fcomments&post=1561"}],"version-history":[{"count":17,"href":"https:\/\/www.cente.ro\/index.php?rest_route=\/wp\/v2\/pages\/1561\/revisions"}],"predecessor-version":[{"id":1642,"href":"https:\/\/www.cente.ro\/index.php?rest_route=\/wp\/v2\/pages\/1561\/revisions\/1642"}],"wp:attachment":[{"href":"https:\/\/www.cente.ro\/index.php?rest_route=%2Fwp%2Fv2%2Fmedia&parent=1561"}],"curies":[{"name":"wp","href":"https:\/\/api.w.org\/{rel}","templated":true}]}}