{"id":1447,"date":"2022-02-13T11:39:51","date_gmt":"2022-02-13T11:39:51","guid":{"rendered":"https:\/\/www.cente.ro\/?page_id=1447"},"modified":"2022-02-13T11:39:51","modified_gmt":"2022-02-13T11:39:51","slug":"terapia-pentru-persoane-care-au-trait-traume","status":"publish","type":"page","link":"https:\/\/www.cente.ro\/?page_id=1447","title":{"rendered":"Terapia pentru persoane care au trait traume"},"content":{"rendered":"\n<p>Ca \u015fi corpul, psihicul uman poate fi r\u0103nit \u015fi traumatizat. Spre exemplu, \u00een medicin\u0103 sunt denumite traumatisme r\u0103nirile fizice cu distrugerea oaselor \u015fi a \u0163esuturilor. Referindu-ne la evenimentele psihice, putem vorbi de o r\u0103nire psihic\u0103 atunci c\u00e2nd tr\u0103irile emo\u0163ionale, g\u00e2ndirea, memoria sau imagina\u0163ia nu mai func\u0163ioneaz\u0103 normal sau sunt considerabil limitate. O situa\u0163ie devine traumatizant\u0103 abia atunci c\u00e2nd dep\u0103\u015feste capacit\u0103\u0163ile unui om de a face fa\u0163\u0103 provoc\u0103rilor.&nbsp;\u00cen acest sens, aceea\u015fi situa\u0163ie poate avea pentru o persoan\u0103 un efect traumatizant, \u00een schimb, pentru altcineva, poate constittui doar o experien\u0163\u0103 stresant\u0103 sau ap\u0103s\u0103toare.<\/p>\n\n\n\n<p>Trauma ac\u0163ioneaz\u0103 \u00een special la nivelul sentimentelor, r\u0103scolind emo\u0163ionalul \u00eentr-un mod extrem \u015fi duc\u00e2nd la tr\u0103irea unor sentimente cumplite. O experien\u0163\u0103 traumatic\u0103 determin\u0103 modific\u0103ri de durat\u0103 la nivelul corpului, spiritului \u015fi al sufletului. Dac\u0103, \u00een cazul experien\u0163elor stresante sau pline de tensiune, simptomele se diminueaz\u0103 sau dispar treptat, odat\u0103 cu dep\u0103\u015firea situa\u0163iei ap\u0103s\u0103toare, urm\u0103rile unei experien\u0163e traumatizante nu dispar niciodat\u0103 complet. O persoan\u0103 care se sim\u0163ea puternic\u0103 \u015fi sigur\u0103 pe ea, dup\u0103 experimentarea unei situa\u0163ii traumatizante&nbsp; se va sim\u0163i mult\u0103 vreme slab\u0103 \u015fi vulnerabil\u0103, lumea devenind pentru ea un loc nesigur \u015fi periculos.<\/p>\n\n\n\n<p>C\u00e2nd vorbim despre traume ne putem g\u00e2ndi la: moarte violent\u0103, moarte prematur\u0103, moarte brusc\u0103, suferin\u0163\u0103 fizic\u0103 prelungit\u0103: tortura, prizoneriatul, pierderi ambigue (pierderea apropia\u0163ilor \u00een cutremur sau alte catastrofe naturale), pierderi stigmatizate (HIV-SIDA \u015fi prizonierii), pierderi multiple sau experien\u0163e traumatizante anterioare.<\/p>\n\n\n\n<p>Efectele traumei sunt multiple, astfel:<\/p>\n\n\n\n<ul class=\"wp-block-list\"><li>La nivel individual: \u00een plan pshihologic, g\u00e2ndirea noastr\u0103 este afectat\u0103, fapt ce influen\u0163eaz\u0103 emo\u0163iile; la r\u00e2ndul lor, emo\u0163iile influen\u0163eaz\u0103 comportamentele, poate ap\u0103rea sindromul post traumatic (tr\u0103irea repetat\u0103 a traumei \u00een amintiri cu reverbera\u0163ii sau \u00een vise, pe fundalul unui sentiment durabil de amor\u0163eal\u0103 sau insensibilitate emo\u0163ional\u0103, indiferen\u0163\u0103 fa\u0163\u0103 de al\u0163i oameni, neimplicare, incapacitate de a resim\u021bi pl\u0103cerea \u00een situa\u021bii normale, evitarea activit\u0103\u0163ilor \u015fi situa\u0163iilor care ar putea trezi amintiri despre traum\u0103), traumatizare secundar\u0103: familia, speciali\u015ftii, comunitatea;<\/li><li>La nivel sistemic pot ap\u0103rea efecte \u00een sistemul credin\u0163elor \u015fi al semnifica\u0163iilor situa\u0163ionale, de identitate, al perspectivei asupra lumii, al modului de reorganizare a sistemului familial, procesului de comunicare \u015fi de rezolvare a problemelor. De asemenea, pot fi afectate \u015fi func\u0163iile, rolurile, \u00een familie sau \u00een comunitate.<\/li><\/ul>\n\n\n\n<p>Toate aceste efecte, schimb\u0103ri de comportament, atitudini \u015fi emo\u0163ii reprezint\u0103, de fapt, un mecanism de ap\u0103rare necesar pentru dep\u0103\u015firea experien\u0163ei traumatizante.<\/p>\n\n\n\n<p>Rolul terapiei pentru persoanele care au suferit traume este \u00een\u0163elegerea \u00eentregii situa\u0163ii &nbsp;\u015fi a rolului pe care aceste semne \u00eel joac\u0103, de a g\u0103si \u015fi de a prelucra cauzele reale, astfel \u00eenc\u00e2t s\u0103 se ob\u0163in\u0103 o ameliorare a efectelor traumei \u015fi de a permite persoanei s\u0103 \u00ee\u015fi reia cursul normal al vie\u0163ii.<\/p>\n","protected":false},"excerpt":{"rendered":"<p>Ca \u015fi corpul, psihicul uman poate fi r\u0103nit \u015fi traumatizat. Spre exemplu, \u00een medicin\u0103 sunt denumite traumatisme r\u0103nirile fizice cu distrugerea oaselor \u015fi a \u0163esuturilor. Referindu-ne la evenimentele psihice, putem vorbi de o r\u0103nire psihic\u0103 atunci c\u00e2nd tr\u0103irile emo\u0163ionale, g\u00e2ndirea, memoria sau imagina\u0163ia nu mai func\u0163ioneaz\u0103 normal sau sunt considerabil limitate. O situa\u0163ie devine traumatizant\u0103 &hellip;<\/p>\n<p class=\"read-more\"> <a class=\"\" href=\"https:\/\/www.cente.ro\/?page_id=1447\"> <span class=\"screen-reader-text\">Terapia pentru persoane care au trait traume<\/span> Read More &raquo;<\/a><\/p>\n","protected":false},"author":1,"featured_media":0,"parent":0,"menu_order":0,"comment_status":"closed","ping_status":"closed","template":"","meta":{"_monsterinsights_skip_tracking":false,"_monsterinsights_sitenote_active":false,"_monsterinsights_sitenote_note":"","_monsterinsights_sitenote_category":0,"site-sidebar-layout":"default","site-content-layout":"default","ast-main-header-display":"","ast-hfb-above-header-display":"","ast-hfb-below-header-display":"","ast-hfb-mobile-header-display":"","site-post-title":"","ast-breadcrumbs-content":"","ast-featured-img":"","footer-sml-layout":"","theme-transparent-header-meta":"","adv-header-id-meta":"","stick-header-meta":"","header-above-stick-meta":"","header-main-stick-meta":"","header-below-stick-meta":"","footnotes":""},"class_list":["post-1447","page","type-page","status-publish","hentry"],"_links":{"self":[{"href":"https:\/\/www.cente.ro\/index.php?rest_route=\/wp\/v2\/pages\/1447","targetHints":{"allow":["GET"]}}],"collection":[{"href":"https:\/\/www.cente.ro\/index.php?rest_route=\/wp\/v2\/pages"}],"about":[{"href":"https:\/\/www.cente.ro\/index.php?rest_route=\/wp\/v2\/types\/page"}],"author":[{"embeddable":true,"href":"https:\/\/www.cente.ro\/index.php?rest_route=\/wp\/v2\/users\/1"}],"replies":[{"embeddable":true,"href":"https:\/\/www.cente.ro\/index.php?rest_route=%2Fwp%2Fv2%2Fcomments&post=1447"}],"version-history":[{"count":1,"href":"https:\/\/www.cente.ro\/index.php?rest_route=\/wp\/v2\/pages\/1447\/revisions"}],"predecessor-version":[{"id":1448,"href":"https:\/\/www.cente.ro\/index.php?rest_route=\/wp\/v2\/pages\/1447\/revisions\/1448"}],"wp:attachment":[{"href":"https:\/\/www.cente.ro\/index.php?rest_route=%2Fwp%2Fv2%2Fmedia&parent=1447"}],"curies":[{"name":"wp","href":"https:\/\/api.w.org\/{rel}","templated":true}]}}