{"id":1443,"date":"2022-02-13T11:38:07","date_gmt":"2022-02-13T11:38:07","guid":{"rendered":"https:\/\/www.cente.ro\/?page_id=1443"},"modified":"2022-02-13T11:38:07","modified_gmt":"2022-02-13T11:38:07","slug":"terapia-pentru-familii-cu-copii-mici","status":"publish","type":"page","link":"https:\/\/www.cente.ro\/?page_id=1443","title":{"rendered":"Terapia pentru familii cu copii mici"},"content":{"rendered":"\n<p>Indiferent de credin\u0163ele, valorile \u015fi preferin\u0163ele noastre, to\u0163i p\u0103rin\u0163ii \u00ee\u015fi doresc s\u0103 creasc\u0103 copii ferici\u0163i, echilibra\u0163i emo\u0163ional \u015fi \u00eemplini\u0163i. Oare care este re\u0163eta? C\u0103ut\u0103m r\u0103spunsul ne\u00eencetat citind c\u0103r\u0163i, articole, mergem la cursuri \u015fi workshopuri pentru a afla care sunt pa\u015fii corec\u0163i pentru a ob\u0163ine ceea ce ne dorim. Putem fi de acord c\u00e2nd spunem c\u0103 fiecare copil este special \u015fi are abilit\u0103\u0163ile lui, a\u015fadar cum poate exista o singur\u0103 re\u0163et\u0103 corect\u0103? R\u0103spunsul este c\u0103 nu exist\u0103 a\u015fa ceva, ci doar anumite metode, tehnici sau pur \u015fi simplu c\u00e2teva principii care, dac\u0103 sunt adaptate la personalitatea copilului, la mediul \u015fi la realitatea fiec\u0103rei familii pot aduce cu sine rezultatele pe care ni le dorim pentru copii no\u015ftri. Un alt principiu important este cel potrivit c\u0103ruia copiii \u00eenva\u0163\u0103 nu doar ceea ce li se transmite verbal, ci si din modul \u00een care rela\u0163ioneaz\u0103 parin\u0163ii sau al\u0163i membri de familie apropia\u0163i.<\/p>\n\n\n\n<p>Rolul terapiei&nbsp;pentru familiile cu copii mici este de a &nbsp;identifica acele zone care \u00eempiedic\u0103 familia s\u0103 ofere copilului toate uneltele necesare astfel \u00eenc\u00e2t s\u0103 se poate dezvolta \u00eentr-un mod c\u00e2t mai s\u0103n\u0103tos \u015fi armonios.<\/p>\n\n\n\n<p>\u015eedin\u0163ele de terapie se desf\u0103\u015foara prin joc potrivit v\u00e2rstei copilului \u015fi implic\u0103 to\u0163i membrii familiei, astfel \u00eenc\u00e2t s\u0103 putem crea \u00eempreun\u0103 un spa\u0163iu de siguran\u0163\u0103.<\/p>\n","protected":false},"excerpt":{"rendered":"<p>Indiferent de credin\u0163ele, valorile \u015fi preferin\u0163ele noastre, to\u0163i p\u0103rin\u0163ii \u00ee\u015fi doresc s\u0103 creasc\u0103 copii ferici\u0163i, echilibra\u0163i emo\u0163ional \u015fi \u00eemplini\u0163i. Oare care este re\u0163eta? C\u0103ut\u0103m r\u0103spunsul ne\u00eencetat citind c\u0103r\u0163i, articole, mergem la cursuri \u015fi workshopuri pentru a afla care sunt pa\u015fii corec\u0163i pentru a ob\u0163ine ceea ce ne dorim. Putem fi de acord c\u00e2nd spunem c\u0103 &hellip;<\/p>\n<p class=\"read-more\"> <a class=\"\" href=\"https:\/\/www.cente.ro\/?page_id=1443\"> <span class=\"screen-reader-text\">Terapia pentru familii cu copii mici<\/span> Read More &raquo;<\/a><\/p>\n","protected":false},"author":1,"featured_media":0,"parent":0,"menu_order":0,"comment_status":"closed","ping_status":"closed","template":"","meta":{"_monsterinsights_skip_tracking":false,"_monsterinsights_sitenote_active":false,"_monsterinsights_sitenote_note":"","_monsterinsights_sitenote_category":0,"site-sidebar-layout":"default","site-content-layout":"default","ast-main-header-display":"","ast-hfb-above-header-display":"","ast-hfb-below-header-display":"","ast-hfb-mobile-header-display":"","site-post-title":"","ast-breadcrumbs-content":"","ast-featured-img":"","footer-sml-layout":"","theme-transparent-header-meta":"","adv-header-id-meta":"","stick-header-meta":"","header-above-stick-meta":"","header-main-stick-meta":"","header-below-stick-meta":"","footnotes":""},"class_list":["post-1443","page","type-page","status-publish","hentry"],"_links":{"self":[{"href":"https:\/\/www.cente.ro\/index.php?rest_route=\/wp\/v2\/pages\/1443","targetHints":{"allow":["GET"]}}],"collection":[{"href":"https:\/\/www.cente.ro\/index.php?rest_route=\/wp\/v2\/pages"}],"about":[{"href":"https:\/\/www.cente.ro\/index.php?rest_route=\/wp\/v2\/types\/page"}],"author":[{"embeddable":true,"href":"https:\/\/www.cente.ro\/index.php?rest_route=\/wp\/v2\/users\/1"}],"replies":[{"embeddable":true,"href":"https:\/\/www.cente.ro\/index.php?rest_route=%2Fwp%2Fv2%2Fcomments&post=1443"}],"version-history":[{"count":1,"href":"https:\/\/www.cente.ro\/index.php?rest_route=\/wp\/v2\/pages\/1443\/revisions"}],"predecessor-version":[{"id":1444,"href":"https:\/\/www.cente.ro\/index.php?rest_route=\/wp\/v2\/pages\/1443\/revisions\/1444"}],"wp:attachment":[{"href":"https:\/\/www.cente.ro\/index.php?rest_route=%2Fwp%2Fv2%2Fmedia&parent=1443"}],"curies":[{"name":"wp","href":"https:\/\/api.w.org\/{rel}","templated":true}]}}