{"id":14,"date":"2021-11-21T15:14:19","date_gmt":"2021-11-21T15:14:19","guid":{"rendered":"https:\/\/www.cente.ro\/?page_id=14"},"modified":"2022-02-12T16:12:09","modified_gmt":"2022-02-12T16:12:09","slug":"despre-mine","status":"publish","type":"page","link":"https:\/\/www.cente.ro\/?page_id=14","title":{"rendered":"Despre Mine"},"content":{"rendered":"\t\t<div data-elementor-type=\"wp-page\" data-elementor-id=\"14\" class=\"elementor elementor-14\" data-elementor-settings=\"[]\">\n\t\t\t\t\t\t\t<div class=\"elementor-section-wrap\">\n\t\t\t\t\t\t\t<section class=\"elementor-section elementor-top-section elementor-element elementor-element-c8ddeb6 elementor-section-height-min-height elementor-section-boxed elementor-section-height-default elementor-section-items-middle\" data-id=\"c8ddeb6\" data-element_type=\"section\" data-settings=\"{&quot;background_background&quot;:&quot;classic&quot;}\">\n\t\t\t\t\t\t\t<div class=\"elementor-background-overlay\"><\/div>\n\t\t\t\t\t\t\t<div class=\"elementor-container elementor-column-gap-default\">\n\t\t\t\t\t<div class=\"elementor-column elementor-col-100 elementor-top-column elementor-element elementor-element-6a5337e\" data-id=\"6a5337e\" data-element_type=\"column\">\n\t\t\t<div class=\"elementor-widget-wrap elementor-element-populated\">\n\t\t\t\t\t\t\t\t<div class=\"elementor-element elementor-element-feefb6c elementor-widget elementor-widget-heading\" data-id=\"feefb6c\" data-element_type=\"widget\" data-widget_type=\"heading.default\">\n\t\t\t\t<div class=\"elementor-widget-container\">\n\t\t\t<style>\/*! elementor - v3.5.5 - 03-02-2022 *\/\n.elementor-heading-title{padding:0;margin:0;line-height:1}.elementor-widget-heading .elementor-heading-title[class*=elementor-size-]>a{color:inherit;font-size:inherit;line-height:inherit}.elementor-widget-heading .elementor-heading-title.elementor-size-small{font-size:15px}.elementor-widget-heading .elementor-heading-title.elementor-size-medium{font-size:19px}.elementor-widget-heading .elementor-heading-title.elementor-size-large{font-size:29px}.elementor-widget-heading .elementor-heading-title.elementor-size-xl{font-size:39px}.elementor-widget-heading .elementor-heading-title.elementor-size-xxl{font-size:59px}<\/style><h1 class=\"elementor-heading-title elementor-size-default\">Povestea Mea<\/h1>\t\t<\/div>\n\t\t\t\t<\/div>\n\t\t\t\t\t<\/div>\n\t\t<\/div>\n\t\t\t\t\t\t\t<\/div>\n\t\t<\/section>\n\t\t\t\t<section class=\"elementor-section elementor-top-section elementor-element elementor-element-034f786 elementor-section-boxed elementor-section-height-default elementor-section-height-default\" data-id=\"034f786\" data-element_type=\"section\">\n\t\t\t\t\t\t<div class=\"elementor-container elementor-column-gap-default\">\n\t\t\t\t\t<div class=\"elementor-column elementor-col-100 elementor-top-column elementor-element elementor-element-ba0c118\" data-id=\"ba0c118\" data-element_type=\"column\">\n\t\t\t<div class=\"elementor-widget-wrap elementor-element-populated\">\n\t\t\t\t\t\t\t\t<div class=\"elementor-element elementor-element-3dc998b elementor-widget elementor-widget-heading\" data-id=\"3dc998b\" data-element_type=\"widget\" data-widget_type=\"heading.default\">\n\t\t\t\t<div class=\"elementor-widget-container\">\n\t\t\t<h4 class=\"elementor-heading-title elementor-size-default\">\u201eVederea ta va deveni mai clara cand te vei uita in interiorul tau\u2026 Cel care priveste doar exteriorul, viseaza. Cand te uiti in inima ta, te trezesti.\u201d<\/h4>\t\t<\/div>\n\t\t\t\t<\/div>\n\t\t\t\t<div class=\"elementor-element elementor-element-b92ba6f elementor-widget elementor-widget-image\" data-id=\"b92ba6f\" data-element_type=\"widget\" data-widget_type=\"image.default\">\n\t\t\t\t<div class=\"elementor-widget-container\">\n\t\t\t<style>\/*! elementor - v3.5.5 - 03-02-2022 *\/\n.elementor-widget-image{text-align:center}.elementor-widget-image a{display:inline-block}.elementor-widget-image a img[src$=\".svg\"]{width:48px}.elementor-widget-image img{vertical-align:middle;display:inline-block}<\/style>\t\t\t\t\t\t\t\t\t\t\t\t<img loading=\"lazy\" decoding=\"async\" width=\"300\" height=\"300\" src=\"https:\/\/www.cente.ro\/wp-content\/uploads\/2022\/02\/77375238_2530091867039363_2578502793182576640_n-1024x1024-1-300x300.jpg\" class=\"attachment-medium size-medium\" alt=\"\" srcset=\"https:\/\/www.cente.ro\/wp-content\/uploads\/2022\/02\/77375238_2530091867039363_2578502793182576640_n-1024x1024-1-300x300.jpg 300w, https:\/\/www.cente.ro\/wp-content\/uploads\/2022\/02\/77375238_2530091867039363_2578502793182576640_n-1024x1024-1-150x150.jpg 150w, https:\/\/www.cente.ro\/wp-content\/uploads\/2022\/02\/77375238_2530091867039363_2578502793182576640_n-1024x1024-1-768x768.jpg 768w, https:\/\/www.cente.ro\/wp-content\/uploads\/2022\/02\/77375238_2530091867039363_2578502793182576640_n-1024x1024-1.jpg 1024w\" sizes=\"auto, (max-width: 300px) 100vw, 300px\" \/>\t\t\t\t\t\t\t\t\t\t\t\t\t\t\t<\/div>\n\t\t\t\t<\/div>\n\t\t\t\t<div class=\"elementor-element elementor-element-8008260 elementor-widget elementor-widget-text-editor\" data-id=\"8008260\" data-element_type=\"widget\" data-widget_type=\"text-editor.default\">\n\t\t\t\t<div class=\"elementor-widget-container\">\n\t\t\t<style>\/*! elementor - v3.5.5 - 03-02-2022 *\/\n.elementor-widget-text-editor.elementor-drop-cap-view-stacked .elementor-drop-cap{background-color:#818a91;color:#fff}.elementor-widget-text-editor.elementor-drop-cap-view-framed .elementor-drop-cap{color:#818a91;border:3px solid;background-color:transparent}.elementor-widget-text-editor:not(.elementor-drop-cap-view-default) .elementor-drop-cap{margin-top:8px}.elementor-widget-text-editor:not(.elementor-drop-cap-view-default) .elementor-drop-cap-letter{width:1em;height:1em}.elementor-widget-text-editor .elementor-drop-cap{float:left;text-align:center;line-height:1;font-size:50px}.elementor-widget-text-editor .elementor-drop-cap-letter{display:inline-block}<\/style>\t\t\t\t<p class=\"has-text-align-left\"><strong>Jeni Dumbr\u0103veanu<\/strong><br \/>Sunt psihoterapeut sistemic de familie acreditat de Colegiul Psihologilor din Rom\u00e2nia \u015fi am experien\u0163\u0103 \u00a0\u00een lucru cu \u015fi pentru oameni.<\/p><p class=\"has-text-align-left\">Am ales s\u0103 devin psihoterapeut deoarece domeniile psihologiei \u015fi al psihoterapiei s-au dovedit a fi de nepre\u021buit \u00een c\u0103l\u0103toria mea de la adversitate la vindecare.\u00a0<\/p><p class=\"has-text-align-left\">Practic aceast\u0103 profesie pentru c\u0103 \u00eemi doresc s\u0103 ajut persoanele care se simt f\u0103r\u0103 speran\u021b\u0103, blocate \u0219i singure \u2013 a\u0219a cum m-am sim\u0163it \u015fi eu \u00een mai multe puncte din via\u021ba mea, momente care, pentru mine, s-au dovedit a fi noi \u00eenceputuri.<\/p><p class=\"has-text-align-left\">Prin urmare, cred cu t\u0103rie c\u0103 toat\u0103 lumea merit\u0103 un aliat priceput, flexibil \u0219i cu o mul\u021bime de resurse atunci c\u00e2nd via\u021ba devine grea, a\u0219a cum se \u00eent\u00e2mpl\u0103 \u00een mod inevitabil.<\/p><p class=\"has-text-align-left\"><br \/>Ca psihoterapeut, lucrez at\u00e2t individual, cu cupluri, dar \u015fi cu familii iar, pe l\u00e2ng\u0103 sprijinul oferit pentru dep\u0103\u015firea provoc\u0103rile, \u00eemi doresc ca fiecare persoan\u0103 s\u0103 g\u0103seasc\u0103 resursele necesare s\u0103 mearg\u0103 mai departe \u00een crearea unei vie\u021bi \u00een care s\u0103 se simte mai puternic\u0103, mai plin\u0103 de speran\u021b\u0103 \u015fi mai conectat\u0103 cu cei dragi ei.<\/p><p class=\"has-text-align-left\">M\u0103 simt norocoas\u0103 atunci c\u00e2nd \u00eent\u00e2lnesc oameni curajo\u0219i \u0219i determina\u021bi s\u0103-\u015fi \u00een\u0163eleag\u0103 trecutul, dar care doresc s\u0103 mearg\u0103 mai departe \u00een crearea unei vie\u021bi mai \u00eemplinite.<\/p><p class=\"has-text-align-left\"><br \/>M\u0103 bucur c\u0103 e\u015fti aici \u0219i c\u0103 explorezi posibilitatea de a lucra cu mine. Ca un pas urm\u0103tor, \u00ee\u0163i recomand s\u0103 m\u0103 contactezi la num\u0103rul de telefon 0736.159.434 pentru a stabili o \u00eent\u00e2lnire.<\/p><p class=\"has-text-align-left\">De asemenea, dac\u0103 \u00eenc\u0103 nu e\u0219ti \u00eenc\u0103 sigur c\u0103 \u00ee\u0163i pot oferi cele mai potrivite servicii pentru tine, m\u0103 po\u0163i contacta telefonic pentru a-\u0163i r\u0103spunde la orice \u00eentreb\u0103ri suplimentare pe care le po\u0163i avea.<\/p><p class=\"has-text-align-left\"><br \/>A\u0219tept cu ner\u0103bdare s\u0103 te cunosc.<br \/>Cu drag,<br \/>Jeni<\/p>\t\t\t\t\t\t<\/div>\n\t\t\t\t<\/div>\n\t\t\t\t\t<\/div>\n\t\t<\/div>\n\t\t\t\t\t\t\t<\/div>\n\t\t<\/section>\n\t\t\t\t\t\t<\/div>\n\t\t\t\t\t<\/div>\n\t\t","protected":false},"excerpt":{"rendered":"<p>Povestea Mea \u201eVederea ta va deveni mai clara cand te vei uita in interiorul tau\u2026 Cel care priveste doar exteriorul, viseaza. Cand te uiti in inima ta, te trezesti.\u201d Jeni Dumbr\u0103veanuSunt psihoterapeut sistemic de familie acreditat de Colegiul Psihologilor din Rom\u00e2nia \u015fi am experien\u0163\u0103 \u00a0\u00een lucru cu \u015fi pentru oameni. Am ales s\u0103 devin psihoterapeut &hellip;<\/p>\n<p class=\"read-more\"> <a class=\"\" href=\"https:\/\/www.cente.ro\/?page_id=14\"> <span class=\"screen-reader-text\">Despre Mine<\/span> Read More &raquo;<\/a><\/p>\n","protected":false},"author":1,"featured_media":0,"parent":0,"menu_order":0,"comment_status":"closed","ping_status":"closed","template":"","meta":{"_monsterinsights_skip_tracking":false,"_monsterinsights_sitenote_active":false,"_monsterinsights_sitenote_note":"","_monsterinsights_sitenote_category":0,"site-sidebar-layout":"no-sidebar","site-content-layout":"page-builder","ast-main-header-display":"","ast-hfb-above-header-display":"","ast-hfb-below-header-display":"","ast-hfb-mobile-header-display":"","site-post-title":"disabled","ast-breadcrumbs-content":"","ast-featured-img":"disabled","footer-sml-layout":"","theme-transparent-header-meta":"enabled","adv-header-id-meta":"","stick-header-meta":"","header-above-stick-meta":"","header-main-stick-meta":"","header-below-stick-meta":"","footnotes":""},"class_list":["post-14","page","type-page","status-publish","hentry"],"_links":{"self":[{"href":"https:\/\/www.cente.ro\/index.php?rest_route=\/wp\/v2\/pages\/14","targetHints":{"allow":["GET"]}}],"collection":[{"href":"https:\/\/www.cente.ro\/index.php?rest_route=\/wp\/v2\/pages"}],"about":[{"href":"https:\/\/www.cente.ro\/index.php?rest_route=\/wp\/v2\/types\/page"}],"author":[{"embeddable":true,"href":"https:\/\/www.cente.ro\/index.php?rest_route=\/wp\/v2\/users\/1"}],"replies":[{"embeddable":true,"href":"https:\/\/www.cente.ro\/index.php?rest_route=%2Fwp%2Fv2%2Fcomments&post=14"}],"version-history":[{"count":14,"href":"https:\/\/www.cente.ro\/index.php?rest_route=\/wp\/v2\/pages\/14\/revisions"}],"predecessor-version":[{"id":1426,"href":"https:\/\/www.cente.ro\/index.php?rest_route=\/wp\/v2\/pages\/14\/revisions\/1426"}],"wp:attachment":[{"href":"https:\/\/www.cente.ro\/index.php?rest_route=%2Fwp%2Fv2%2Fmedia&parent=14"}],"curies":[{"name":"wp","href":"https:\/\/api.w.org\/{rel}","templated":true}]}}